{"id":7946,"date":"2025-10-01T16:20:56","date_gmt":"2025-10-01T15:20:56","guid":{"rendered":"https:\/\/www.zabalganabhi.eus\/?page_id=7946"},"modified":"2026-01-31T12:45:39","modified_gmt":"2026-01-31T11:45:39","slug":"erasmus-3","status":"publish","type":"page","link":"https:\/\/www.zabalganabhi.eus\/?page_id=7946&lang=es","title":{"rendered":"Erasmus +"},"content":{"rendered":"\n<p><\/p>\n\n\n\n\n\n<section id=\"g-zlfl4i1\" class=\"wp-block-gutentor-m4 section-g-zlfl4i1 gutentor-module gutentor-advanced-columns\"><div class=\"grid-container\"><div class=\"grid-row\">\n<div id=\"col-g-15iq7a5\" class=\"wp-block-gutentor-m4-col col-g-15iq7a5 gutentor-single-column  grid-lg-6 grid-md-12 grid-12\"><div id=\"section-g-15iq7a5\" class=\"section-g-15iq7a5 gutentor-col-wrap\">\n<div id=\"section-g-wrl5jl5\" class=\"wp-block-gutentor-e6 section-g-wrl5jl5 gutentor-element gutentor-element-image\"><div class=\"gutentor-element-image-box\"><div class=\"gutentor-image-thumb\"><img decoding=\"async\" class=\"normal-image\" src=\"https:\/\/www.zabalganabhi.eus\/wp-content\/uploads\/2025\/10\/2-1.png\"\/><\/div><\/div><\/div>\n<\/div><\/div>\n\n\n\n<div id=\"col-g-qjjc0jq\" class=\"wp-block-gutentor-m4-col col-g-qjjc0jq gutentor-single-column  grid-lg-6 grid-md-12 grid-12\"><div id=\"section-g-qjjc0jq\" class=\"section-g-qjjc0jq gutentor-col-wrap\">\n<p class=\"has-text-align-center\"><strong>El IES ZABALGANA BHI se embarca en un proyecto europeo Erasmus+ KA122<\/strong><\/p>\n\n\n\n<p class=\"has-text-align-center\"><em>La iniciativa, dise\u00f1ada por el instituto, y seleccionada por el Servicio Espa\u00f1ol para la Internacionalizaci\u00f3n de la Educaci\u00f3n (SEPIE), presenta el siguiente lema: &#8220;Hacia una comunidad educativa europea m\u00e1s inclusiva y sostenible: fortaleciendo la convivencia mediante la mediaci\u00f3n, la transformaci\u00f3n de espacios y la participaci\u00f3n activa para una mayor equidad&#8221;.<\/em><\/p>\n\n\n\n<p class=\"has-text-align-center\"><em>Este programa est\u00e1 orientado a beneficiar a toda la comunidad educativa, desde el alumnado hasta el profesorado y las familias. Asimismo, supone un gran paso en la constante mejora de la calidad educativa, la internacionalizaci\u00f3n del centro y el fortalecimiento de una escuela abierta, inclusiva y europea que ofrezca oportunidades a todo el alumnado.<\/em><\/p>\n\n\n\n<div id=\"section-g-7a7ll3z\" class=\"wp-block-gutentor-e6 section-g-7a7ll3z gutentor-element gutentor-element-image\"><div class=\"gutentor-element-image-box\"><div class=\"gutentor-image-thumb\"><img decoding=\"async\" class=\"normal-image\" src=\"https:\/\/www.zabalganabhi.eus\/wp-content\/uploads\/2025\/10\/logo-sepie-1.png\"\/><\/div><\/div><\/div>\n<\/div><\/div>\n<\/div><\/div><\/section>\n\n\n\n<h2 class=\"wp-block-heading has-text-align-center\">MOVILIDAD GRUPAL DE CORTA DURACI\u00d3N<\/h2>\n\n\n\n<p class=\"has-text-align-center\"><strong>MATTLIDENS SKOLA, ESPOO (FINLANDIA)<\/strong><\/p>\n\n\n\n<div id=\"section-g-ma11ibf\" class=\"wp-block-gutentor-e6 section-g-ma11ibf gutentor-element gutentor-element-image\"><div class=\"gutentor-element-image-box\"><div class=\"gutentor-image-thumb\"><img decoding=\"async\" class=\"normal-image\" src=\"https:\/\/www.zabalganabhi.eus\/wp-content\/uploads\/2026\/01\/Etiquetas-Erasmus-txokoa-2-1.png\"\/><\/div><\/div><\/div>\n\n\n\n<div data-wp-interactive=\"core\/file\" class=\"wp-block-file\"><object data-wp-bind--hidden=\"!state.hasPdfPreview\" hidden class=\"wp-block-file__embed\" data=\"https:\/\/www.zabalganabhi.eus\/wp-content\/uploads\/2025\/11\/IKASLEENTZAKO-IRIZPIDEAK_Mattlidens-skola.pdf\" type=\"application\/pdf\" style=\"width:100%;height:600px\" aria-label=\"IKASLEENTZAKO IRIZPIDEAK_Mattlidens skola kapsulatzea.\"><\/object><a id=\"wp-block-file--media-3f0c6257-5f7d-4c60-84a2-8d67a4cd19a8\" href=\"https:\/\/www.zabalganabhi.eus\/wp-content\/uploads\/2025\/11\/IKASLEENTZAKO-IRIZPIDEAK_Mattlidens-skola.pdf\">IKASLEENTZAKO IRIZPIDEAK_Mattlidens skola<\/a><a href=\"https:\/\/www.zabalganabhi.eus\/wp-content\/uploads\/2025\/11\/IKASLEENTZAKO-IRIZPIDEAK_Mattlidens-skola.pdf\" class=\"wp-block-file__button wp-element-button\" download aria-describedby=\"wp-block-file--media-3f0c6257-5f7d-4c60-84a2-8d67a4cd19a8\">Descarga<\/a><\/div>\n\n\n\n<h2 class=\"wp-block-heading has-text-align-center\">Inauguraci\u00f3n de nuestro <em>Erasmus Txokoa<\/em><\/h2>\n\n\n\n<p class=\"has-text-align-center\"><img decoding=\"async\" src=\"https:\/\/fonts.gstatic.com\/s\/e\/notoemoji\/16.0\/1f1ea_1f1fa\/72.png\" alt=\"\ud83c\uddea\ud83c\uddfa\"> \ud83c\udf89 Para celebrar los Erasmus Days, hemos inaugurado nuestro Rinc\u00f3n Erasmus.<\/p>\n\n\n\n<p class=\"has-text-align-center\">A partir de ahora, toda la informaci\u00f3n y experiencias relacionadas con el programa Erasmus+ estar\u00e1n disponibles all\u00ed.&nbsp;<\/p>\n\n\n\n<p class=\"has-text-align-center\">Gracias a nuestro alumnado de Tecnolog\u00eda de 2 de bachillerato por colaborar en el pintado \ud83d\udc4f\ud83c\udffc<\/p>\n\n\n\n<p class=\"has-text-align-center\">\ud83c\udf0d \u00a1Ven a descubrir nuestros proyectos europeos!<\/p>\n\n\n\n<div class=\"wp-block-columns is-layout-flex wp-container-core-columns-is-layout-9d6595d7 wp-block-columns-is-layout-flex\">\n<div class=\"wp-block-column is-layout-flow wp-block-column-is-layout-flow\" style=\"flex-basis:100%\">\n<section id=\"section-g-2h60d0e\" class=\"wp-block-gutentor-image-box gutentor-section gutentor-image-wrapper imagebox-template1\"><div class=\"grid-container\"><div class=\"gutentor-block-header\"><div class=\"gutentor-section-title enable-title-design seperator-bottom text-center\"><h2 class=\"gutentor-title\"><\/h2><\/div><\/div><div class=\"grid-row gutentor-grid-item-wrap\"><div class=\"gutentor-grid-column grid-lg-4 grid-md-4 grid-12\"><div class=\"gutentor-single-item gutentor-image gutentor-single-item-0\"><div class=\"gutentor-single-item-wrap\"><div class=\"gutentor-single-item-image-box\"><div class=\"gutentor-image-thumb\"><img fetchpriority=\"high\" decoding=\"async\" class=\"normal-image\" src=\"https:\/\/www.zabalganabhi.eus\/wp-content\/uploads\/2025\/10\/IMG_9464.jpg\" alt=\"\" height=\"1161\" width=\"2222\"\/><\/div><\/div><div class=\"gutentor-single-item-content\"><h3 class=\"gutentor-single-item-title\"><\/h3><p class=\"gutentor-single-item-desc\"><\/p><\/div><\/div><\/div><\/div><div class=\"gutentor-grid-column grid-lg-4 grid-md-4 grid-12\"><div class=\"gutentor-single-item gutentor-image gutentor-single-item-1\"><div class=\"gutentor-single-item-wrap\"><div class=\"gutentor-single-item-image-box\"><div class=\"gutentor-image-thumb\"><img decoding=\"async\" class=\"normal-image\" src=\"https:\/\/www.zabalganabhi.eus\/wp-content\/uploads\/2025\/10\/Erasmus-Txokoa.png\" alt=\"\" height=\"1080\" width=\"1920\"\/><\/div><\/div><div class=\"gutentor-single-item-content\"><h3 class=\"gutentor-single-item-title\"><\/h3><p class=\"gutentor-single-item-desc\"><\/p><\/div><\/div><\/div><\/div><div class=\"gutentor-grid-column grid-lg-4 grid-md-4 grid-12\"><div class=\"gutentor-single-item gutentor-image gutentor-single-item-2\"><div class=\"gutentor-single-item-wrap\"><div class=\"gutentor-single-item-image-box\"><div class=\"gutentor-image-thumb\"><img decoding=\"async\" class=\"normal-image\" src=\"https:\/\/www.zabalganabhi.eus\/wp-content\/uploads\/2025\/11\/IMG_9678-scaled.png\" alt=\"\" height=\"1920\" width=\"2560\"\/><\/div><\/div><div class=\"gutentor-single-item-content\"><h3 class=\"gutentor-single-item-title\"><\/h3><p class=\"gutentor-single-item-desc\"><\/p><\/div><\/div><\/div><\/div><\/div><\/div><\/section>\n<\/div>\n<\/div>\n\n\n\n<h2 class=\"wp-block-heading has-text-align-center\">Formaci\u00f3n inicial de programa ERASMUS en HUELVA<\/h2>\n\n\n\n<p class=\"has-text-align-center\"><img decoding=\"async\" src=\"https:\/\/fonts.gstatic.com\/s\/e\/notoemoji\/16.0\/1f1ea_1f1fa\/72.png\" alt=\"\ud83c\uddea\ud83c\uddfa\"> \u200bLas responsables de Erasmus han acudido en Huelva a las jornadas preparatorias para poner en marcha el proyecto KA122&nbsp;<\/p>\n\n\n\n<p class=\"has-text-align-center\">\u00a1Seguiremos compartiendo informaci\u00f3n!&nbsp;<img decoding=\"async\" src=\"https:\/\/fonts.gstatic.com\/s\/e\/notoemoji\/16.0\/1f44f_1f3fc\/72.png\" alt=\"\ud83d\udc4f\ud83c\udffc\"><img decoding=\"async\" src=\"https:\/\/fonts.gstatic.com\/s\/e\/notoemoji\/16.0\/1f44f_1f3fc\/72.png\" alt=\"\ud83d\udc4f\ud83c\udffc\"><\/p>\n\n\n\n<section id=\"section-g-u4k114k\" class=\"wp-block-gutentor-image-box gutentor-section gutentor-image-wrapper imagebox-template1\"><div class=\"grid-container\"><div class=\"gutentor-block-header\"><div class=\"gutentor-section-title enable-title-design seperator-bottom text-center\"><h2 class=\"gutentor-title\"><\/h2><\/div><\/div><div class=\"grid-row gutentor-grid-item-wrap\"><div class=\"gutentor-grid-column grid-lg-4 grid-md-4 grid-12\"><div class=\"gutentor-single-item gutentor-image gutentor-single-item-0\"><div class=\"gutentor-single-item-wrap\"><div class=\"gutentor-single-item-image-box\"><div class=\"gutentor-image-thumb\"><img loading=\"lazy\" decoding=\"async\" class=\"normal-image\" src=\"https:\/\/www.zabalganabhi.eus\/wp-content\/uploads\/2025\/09\/IMG_9033.jpg\" alt=\"\" height=\"2305\" width=\"1435\"\/><\/div><\/div><div class=\"gutentor-single-item-content\"><h3 class=\"gutentor-single-item-title\"><\/h3><p class=\"gutentor-single-item-desc\"><\/p><\/div><\/div><\/div><\/div><div class=\"gutentor-grid-column grid-lg-4 grid-md-4 grid-12\"><div class=\"gutentor-single-item gutentor-image gutentor-single-item-1\"><div class=\"gutentor-single-item-wrap\"><div class=\"gutentor-single-item-image-box\"><div class=\"gutentor-image-thumb\"><img loading=\"lazy\" decoding=\"async\" class=\"normal-image\" src=\"https:\/\/www.zabalganabhi.eus\/wp-content\/uploads\/2025\/09\/IMG_8936-scaled.png\" alt=\"\" height=\"1920\" width=\"2560\"\/><\/div><\/div><div class=\"gutentor-single-item-content\"><h3 class=\"gutentor-single-item-title\"><\/h3><p class=\"gutentor-single-item-desc\"><\/p><\/div><\/div><\/div><\/div><div class=\"gutentor-grid-column grid-lg-4 grid-md-4 grid-12\"><div class=\"gutentor-single-item gutentor-image gutentor-single-item-2\"><div class=\"gutentor-single-item-wrap\"><div class=\"gutentor-single-item-image-box\"><div class=\"gutentor-image-thumb\"><img loading=\"lazy\" decoding=\"async\" class=\"normal-image\" src=\"https:\/\/www.zabalganabhi.eus\/wp-content\/uploads\/2025\/09\/81762585-39be-44b3-b3de-5dc202443ce8.jpg\" alt=\"\" height=\"1600\" width=\"1362\"\/><\/div><\/div><div class=\"gutentor-single-item-content\"><h3 class=\"gutentor-single-item-title\"><\/h3><p class=\"gutentor-single-item-desc\"><\/p><\/div><\/div><\/div><\/div><\/div><\/div><\/section>\n","protected":false},"excerpt":{"rendered":"<p>MOVILIDAD GRUPAL DE CORTA DURACI\u00d3N MATTLIDENS SKOLA, ESPOO (FINLANDIA) Inauguraci\u00f3n de nuestro Erasmus Txokoa \ud83c\udf89 Para celebrar los Erasmus Days, hemos inaugurado nuestro Rinc\u00f3n Erasmus. A partir de ahora, toda la informaci\u00f3n y experiencias relacionadas con el programa Erasmus+ estar\u00e1n disponibles all\u00ed.&nbsp; Gracias a nuestro alumnado de Tecnolog\u00eda de 2 de bachillerato por colaborar en&hellip;<\/p>\n","protected":false},"author":1,"featured_media":0,"parent":0,"menu_order":0,"comment_status":"closed","ping_status":"closed","template":"","meta":{"footnotes":""},"class_list":["post-7946","page","type-page","status-publish","hentry"],"_links":{"self":[{"href":"https:\/\/www.zabalganabhi.eus\/index.php?rest_route=\/wp\/v2\/pages\/7946","targetHints":{"allow":["GET"]}}],"collection":[{"href":"https:\/\/www.zabalganabhi.eus\/index.php?rest_route=\/wp\/v2\/pages"}],"about":[{"href":"https:\/\/www.zabalganabhi.eus\/index.php?rest_route=\/wp\/v2\/types\/page"}],"author":[{"embeddable":true,"href":"https:\/\/www.zabalganabhi.eus\/index.php?rest_route=\/wp\/v2\/users\/1"}],"replies":[{"embeddable":true,"href":"https:\/\/www.zabalganabhi.eus\/index.php?rest_route=%2Fwp%2Fv2%2Fcomments&post=7946"}],"version-history":[{"count":5,"href":"https:\/\/www.zabalganabhi.eus\/index.php?rest_route=\/wp\/v2\/pages\/7946\/revisions"}],"predecessor-version":[{"id":8049,"href":"https:\/\/www.zabalganabhi.eus\/index.php?rest_route=\/wp\/v2\/pages\/7946\/revisions\/8049"}],"wp:attachment":[{"href":"https:\/\/www.zabalganabhi.eus\/index.php?rest_route=%2Fwp%2Fv2%2Fmedia&parent=7946"}],"curies":[{"name":"wp","href":"https:\/\/api.w.org\/{rel}","templated":true}]}}