{"id":6608,"date":"2025-02-06T09:15:59","date_gmt":"2025-02-06T09:15:59","guid":{"rendered":"https:\/\/www.zabalganabhi.eus\/?page_id=6608"},"modified":"2025-08-25T09:59:35","modified_gmt":"2025-08-25T08:59:35","slug":"mintegi-didaktikoak-2","status":"publish","type":"page","link":"https:\/\/www.zabalganabhi.eus\/?page_id=6608","title":{"rendered":"Mintegi didaktikoak 2024-25"},"content":{"rendered":"\n<figure class=\"wp-block-table aligncenter is-style-stripes\"><table class=\"has-fixed-layout\"><tbody><tr><td><strong>GAZTELANIA ETA LITERATURA<\/strong><\/td><td><\/td><\/tr><tr><td>Leire Fidalgo <br>Saida Fidalgo <br>Amaia Conde <br>Danuta Pilikowska <br>Andoni Argote <br>Maite Ortiz <br>Ainhoa Garcia De Vicu\u00f1a <br>Iratxe Azcona <br>Maider Garcia <br>Javier Arbulu <br>Elvira Delgado<\/td><td>leire_fidalgo@zabalganabhi.net <br>saida_fidalgo@zabalganabhi.net <br>amaia_conde@zabalganabhi.net <br>danuta_pilikowska@zabalganabhi.net <br>andoni_argote@zabalganabhi.net <br>maite_ortiz@zabalganabhi.net <br>ainhoa_garciadevicuna@zabalganabhi.net <br>iratxe_azcona@zabalganabhi.net <br>maider_garcia@zabalganabhi.net <br>javier_arbulu@zabalganabhi.net <br>elvira_delgado@zabalganabhi.net<\/td><td><\/td><\/tr><tr><td><img decoding=\"async\" src=\"http:\/\/s854103295.mialojamiento.es\/wp-content\/uploads\/2020\/03\/eus.png\" alt=\"\"><\/td><td><strong>EUSKERA ETA LITERATURA<\/strong><\/td><td><\/td><\/tr><tr><td>Ane Bedaio Pascual <br>Garazi Goikoetxea <br>Haizea Cardenal <br>Garazi Korta <br>Sara Santamaria <br>Laida Perez De Mendiola <br>Ainhoa Saez De Gordoa <br>Ainhoa Aizpurua <br>Irune Errasti<\/td><td>ane_bedaio@zabalganabhi.net <br>garazi_goikoetxea@zabalganabhi.net <br>haiea_cardenal@zabalganabhi.net <br>garazi_korta@zabalganabhi.net <br>sara_santamaria@zabalganabhi.net <br>laida_perezdemendiola@zabalganabhi.net <br>ainhoa_saezdegordoa@zabalganabhi.net <br>ainhoa_aizpurua@zabalganabhi.net <br>irune_errasti@zabalganabhi.net<\/td><td><\/td><\/tr><tr><td><img decoding=\"async\" src=\"https:\/\/irakaslegunea.net\/bhi\/wp-content\/uploads\/2020\/03\/en.png\" alt=\"\"><\/td><td><strong>INGELESA<\/strong><\/td><td><\/td><\/tr><tr><td>Mar\u00eda Palacio <br>Isabel Uribesalgo <br>Maite Nu\u00f1ez <br>Idoia Gorostiza <br>Laura Espejo <br>Marta Ugarte <br>Yasmina Rueda <br>Garbi\u00f1e Martin <br>Inma Ortega <br>Patricia Quintas<\/td><td>maria_palacio@zabalganabhi.net <br>isabel_uribesalgo@zabalganabhi.net <br>maite_nunez@zabalganabhi.net<br>idoia_gorostiza@zabalganabhi.net <br>laura_espejo@zabalganabhi.net <br>marta_ugarte@zabalganabhi.net <br>yasmina_rueda@zabalganabhi.net <br>garbi\u00f1e_martin@zabalganabhi.net <br>inma_ortega@zabalganabhi.net <br>patricia_quintas@zabalganabhi.net<\/td><td><\/td><\/tr><tr><td><img decoding=\"async\" src=\"http:\/\/s854103295.mialojamiento.es\/wp-content\/uploads\/2020\/03\/fran.png\" alt=\"\"><\/td><td><strong>FRANTSESA<\/strong><\/td><td><\/td><\/tr><tr><td>Debora Fernandez<\/td><td>debora_fernandez@zabalganabhi.net<\/td><td><\/td><\/tr><tr><td><img decoding=\"async\" src=\"https:\/\/irakaslegunea.net\/bhi\/wp-content\/uploads\/2020\/03\/lat.png\" alt=\"\"><\/td><td><strong>LATINA<\/strong><\/td><td><\/td><\/tr><tr><td>Charo Saenz de Cortazar<\/td><td><a href=\"mailto:charo_sdcortazar@zabalganabhi.net\">charo_sdcortazar@zabalganabhi.net<\/a><\/td><td><\/td><\/tr><tr><td><img decoding=\"async\" src=\"http:\/\/s854103295.mialojamiento.es\/wp-content\/uploads\/2020\/03\/geo.png\" alt=\"\"><\/td><td><strong>GEOGRAFIA ETA HISTORIA<\/strong><\/td><td><\/td><\/tr><tr><td>Aitor Juaristi <br>Miren Fdez Beto\u00f1o <br>Elena S\u00e1nchez Garcia <br>Markel Elortza Exea <br>Iker Herce <br>Gonzalo Ibarzabal <br>Nerea Ormaechea<\/td><td>aitor_juaristi@zabalganabhi.net <br>miren_fdzbetono@zabalganabhi.net <br>elena_sanchez@zabalganabhi.net <br>markel_elortza@zabalganabhi.net <br>iker_herce@zabalganabhi.net <br>gonzaleo_ibarzabal@zabalganabhi.net <br>nerea_ormaechea@zabalganabhi.net<\/td><td><\/td><\/tr><tr><td><img decoding=\"async\" src=\"http:\/\/s854103295.mialojamiento.es\/wp-content\/uploads\/2020\/03\/economy.png\" alt=\"\"><\/td><td><strong>EKONOMIA<\/strong><\/td><td><\/td><\/tr><tr><td>I\u00f1igo Pe\u00f1alba <br>Maialen Gaztelu<br>Ainhoa Garbizu<\/td><td>inigo_penalba@zabalganabhi.net <br>maialen_gaztelu@zabalganabhi.net <br>ainhoa_garbizu@zabalganabhi.net<\/td><td><\/td><\/tr><tr><td><img decoding=\"async\" src=\"http:\/\/s854103295.mialojamiento.es\/wp-content\/uploads\/2020\/03\/math.png\" alt=\"\"><\/td><td><strong>MATEMATIKA<\/strong><\/td><td><\/td><\/tr><tr><td>Aitziber Iba\u00f1ez Guerenabarrena <br>Janire Marquinez <br>Danel Altuna <br>Javier Zuazolacigorraga <br>Ander Rodriguez <br>Garbi\u00f1e Elorriaga <br>Nagore Barrena <br>Sandra Salabarria<\/td><td>aitziber_ibanez@zabalganabhi.net <br>janire_marquinez@zabalganabhi.net <br>danel_altuna@zabalganabhi.net <br>javier_zuazolacigorraga@zabalganabhi.net <br>ander_rodriguez@zabalganabhi.net <br>garbine_elorriaga@zabalganabhi.net <br>nagore_barrena@zabalganabhi.net <br>sandra_salabarria@zabalganabhi.net<\/td><td><\/td><\/tr><tr><td><img decoding=\"async\" src=\"http:\/\/s854103295.mialojamiento.es\/wp-content\/uploads\/2020\/03\/fiki.png\" alt=\"\"><\/td><td><strong>FISIKA-KIMIKA<\/strong><\/td><td><\/td><\/tr><tr><td>Amaia Montans Alday <br>Ainhoa Amasorrain <br>Saioa Redondo <br>Olatz Olaizola <br>Garoa Unzalu <br>Martin Del Pozo<\/td><td>amaia_montans@zabalganabhi.net <br>ainhoa_amasorrain@zabalganabhi.net <br>saioa_redondo@zabalganabhi.net <br>olatz_olaizola@zabalganabhi.net <br>garoa_unzalu@zabalganabhi.net <br>martin_pozo@zabalganabhi.net<\/td><td><\/td><\/tr><tr><td><img decoding=\"async\" src=\"http:\/\/s854103295.mialojamiento.es\/wp-content\/uploads\/2020\/03\/bio.png\" alt=\"\"><\/td><td><strong>BIOLOGIA-GEOLOGIA<\/strong><\/td><td><\/td><\/tr><tr><td>Xabier Zaldua Milicua <br>Nahia Seijas <br>Aitziber Lizarrande <br>Iraia Ugarte <br>Belen Lopez <br>Nerea Urresti<br>Txus Rodriguez<\/td><td>xabier_zaldua@zabalganabhi.net <br>nahia_seijas@zabalganabhi.net <br>aitziber_lizarrande@zabalganabhi.net <br>iraia_ugarte@zabalganabhi.net <br>belen_lopez@zabalganabhi.net <br>nerea_urresti@zabalgana.net <br>txus_rodriguez@zabalganabhi.net<\/td><td><\/td><\/tr><tr><td><img decoding=\"async\" src=\"https:\/\/irakaslegunea.net\/bhi\/wp-content\/uploads\/2020\/03\/music.png\" alt=\"\"><\/td><td><strong>MUSIKA<\/strong><\/td><td><\/td><\/tr><tr><td>I\u00f1igo Lopez De Sosoaga <br>Nahia Gasteasoro <br>Jose Ramon Murillo<\/td><td>inigo_lzsosoaga@zabalganabhi.net <br>nahia_gasteasoro@zabalganabhi.net <br>joserra_murillo@zabalganabhi.net<\/td><td><\/td><\/tr><tr><td><img decoding=\"async\" src=\"http:\/\/s854103295.mialojamiento.es\/wp-content\/uploads\/2020\/03\/engine.png\" alt=\"\"><\/td><td><strong>TEKNOLOGIA<\/strong><\/td><td><\/td><\/tr><tr><td>Marijo Arbulu <br>Dani V\u00e1zquez Rodriguez <br>Leire Martinez <br>Eider Ellacuria <br>Unai Zamalloa <br>Victor Iglesias<\/td><td>marijo_arbulu@zabalganabhi.net <br>dani_vazquez@zabalganabhi.net <br>leire_martinez@zabalganabhi.net <br>eider_ellacuria@zabalganabhi.net <br>unai_zamalloa@zabalganabhi.net <br>victor_iglesias@zabalganabhi.net<\/td><td><\/td><\/tr><tr><td><img decoding=\"async\" src=\"https:\/\/irakaslegunea.net\/bhi\/wp-content\/uploads\/2020\/03\/ethic.png\" alt=\"\"><\/td><td><strong>FILOSOFIA<\/strong><\/td><td><\/td><\/tr><tr><td>Koldo Lekuona <br>Jorge Caminos <br>Jon Sagarzazu<\/td><td>koldo_lekuona@zabalganabhi.net <br>jorge_caminos@zabalganabhi.net <br>jon_sagarzazu@zabalganabhi.net<\/td><td><\/td><\/tr><tr><td><img decoding=\"async\" src=\"http:\/\/s854103295.mialojamiento.es\/wp-content\/uploads\/2020\/03\/physical.png\" alt=\"\"><\/td><td><strong>GORPUTZ HEZKUNTZA<\/strong><\/td><td><\/td><\/tr><tr><td>Edorta Fontecha <br>Nerea Ansola <br>Luis Javier Mu\u00f1oz <br>Mikel Irazabal <br>Unai Etxeberria <br>Leire Roldan De Aranguiz <br>Diego Martin<\/td><td>edorta_fontecha@zabalganabhi.net <br>nerea_ansola@zabalganabhi.net <br>luis_munoz@zabalganabhi.net <br>mikel_irazabal@zabalganabhi.net <br>unai_etxeberria@zabalganabhi.net <br>leire_roldandearanguiz@zabalganabhi.net <br>diego_martin@zabalganabhi.net<\/td><td><\/td><\/tr><tr><td><img decoding=\"async\" src=\"http:\/\/s854103295.mialojamiento.es\/wp-content\/uploads\/2020\/03\/plastic.png\" alt=\"\"><\/td><td><strong>MARRAZKETA<\/strong><\/td><td><\/td><\/tr><tr><td>M.Mercedes Rodriguez <br>Amaia Iztueta <br>Zuri\u00f1e Bilbao Baltzategi<\/td><td>mmercedes_rodriguez@zabalganabhi.net <br>amaia_iztueta@zabalganabhi.net <br>zurine_bilbao@zabalganabhi.net<\/td><td><\/td><\/tr><tr><td><img decoding=\"async\" src=\"http:\/\/s854103295.mialojamiento.es\/wp-content\/uploads\/2020\/03\/infor.png\" alt=\"\"><\/td><td><strong>INFORMATIKA<\/strong><\/td><td><\/td><\/tr><tr><td>Amaiur Alijostes <br>David Esteban<\/td><td>amaiur_alijostes@zabalganabhi.net <br>david_esteban@zabalganabhi.net<\/td><td><\/td><\/tr><tr><td><img decoding=\"async\" src=\"http:\/\/s854103295.mialojamiento.es\/wp-content\/uploads\/2020\/03\/orient-1.png\" alt=\"\"><\/td><td><strong>ORIENTAZIOA<\/strong><\/td><td><\/td><\/tr><tr><td>Imanol Ibarrondo <br>Itziar Lopez De Uralde <br>Alfredo Saenz<\/td><td>imanol_ibarrondo@zabalganabhi.net <br>itziar_lopezdeuralde@zabalganabhi.net <br>alfredo_saenz@zabalganabhi.net<\/td><td><\/td><\/tr><tr><td><img decoding=\"async\" src=\"http:\/\/s854103295.mialojamiento.es\/wp-content\/uploads\/2020\/03\/orient-1.png\" alt=\"\"><\/td><td><strong>DK<\/strong><\/td><td><\/td><\/tr><tr><td>Marina Esteban <br>Nerea Ansola<br>Itziar Aguirrebengoa <br>Eztizen Goikoetxea <br>Aitor Arteaga <br>Maite Goenaga<\/td><td>marina_esteban@zabalganabhi.net <br>nerea_ansola@zabalganabhi.net <br>itziar_aguirrebengoa@zabalganabhi.net <br>eztizen_goikoetxea@zabalganabhi.net <br>aitor_arteaga@zabalganabhi.net <br>maite_goenaga@zabalganabhi.net<\/td><td><\/td><\/tr><tr><td><img decoding=\"async\" src=\"http:\/\/s854103295.mialojamiento.es\/wp-content\/uploads\/2020\/03\/orient-1.png\" alt=\"\"><\/td><td><strong>PT<\/strong><\/td><td><\/td><\/tr><tr><td>Ane Valencia Guinot <br>June Carracedo Lizundia <br>Jon Urresti <br>Estibalitz Llodio Uribeetxebarria <br>Itxaso Alberdi <br>Lorea Larrea<\/td><td>ane_valencia@zabalganabhi.net <br>june_carracedo@zabalganabhi.net <br>jon_urresti@zabalganabhi.net <br>esti_llodio@zabalganabhi.net <br>itxaso_alberdi@zabalganabhi.net <br>lorea_larrea@zabalganabhi.net<\/td><td><\/td><\/tr><tr><td><img decoding=\"async\" src=\"http:\/\/s854103295.mialojamiento.es\/wp-content\/uploads\/2020\/09\/ZIG.png\" alt=\"\"><\/td><td><strong>ZIG<\/strong><\/td><td><\/td><\/tr><tr><td>Mireia Landa <br>Alaika Igarza <br>Oscar Toril <br>Jaione Olabe<\/td><td>mireia_landa@zabalganabhi.net <br>alaika_igarza@zabalganabhi.net <br>oskar_toril@zabalganabhi.net <br>jaione_olabe@zabalganabhi.net<\/td><td><\/td><\/tr><tr><td><\/td><td><strong>ZUZENDARITZA<\/strong><\/td><td><\/td><\/tr><tr><td>Yolanda Sz. de ibarra <br>Ane Urkiola <br>Sergio Olivera <br>Aritz Arrizabalaga <br>Aritz Taberna<\/td><td>zuzendaria@zabalganabhi.net <br>zuzendariordea@zabalganabhi.net <br>ikasketaburua@zabalganabhi.net <br>ikasketaburuondokoa@zabalganabhi.net <br>idazkaria@zabalganabhi.net<\/td><\/tr><\/tbody><\/table><\/figure>\n","protected":false},"excerpt":{"rendered":"<p>GAZTELANIA ETA LITERATURA Leire Fidalgo Saida Fidalgo Amaia Conde Danuta Pilikowska Andoni Argote Maite Ortiz Ainhoa Garcia De Vicu\u00f1a Iratxe Azcona Maider Garcia Javier Arbulu Elvira Delgado leire_fidalgo@zabalganabhi.net saida_fidalgo@zabalganabhi.net amaia_conde@zabalganabhi.net danuta_pilikowska@zabalganabhi.net andoni_argote@zabalganabhi.net maite_ortiz@zabalganabhi.net ainhoa_garciadevicuna@zabalganabhi.net iratxe_azcona@zabalganabhi.net maider_garcia@zabalganabhi.net javier_arbulu@zabalganabhi.net elvira_delgado@zabalganabhi.net EUSKERA ETA LITERATURA Ane Bedaio Pascual Garazi Goikoetxea Haizea Cardenal Garazi Korta Sara Santamaria Laida Perez De&hellip;<\/p>\n","protected":false},"author":1,"featured_media":0,"parent":0,"menu_order":0,"comment_status":"closed","ping_status":"closed","template":"","meta":{"footnotes":""},"class_list":["post-6608","page","type-page","status-publish","hentry"],"_links":{"self":[{"href":"https:\/\/www.zabalganabhi.eus\/index.php?rest_route=\/wp\/v2\/pages\/6608","targetHints":{"allow":["GET"]}}],"collection":[{"href":"https:\/\/www.zabalganabhi.eus\/index.php?rest_route=\/wp\/v2\/pages"}],"about":[{"href":"https:\/\/www.zabalganabhi.eus\/index.php?rest_route=\/wp\/v2\/types\/page"}],"author":[{"embeddable":true,"href":"https:\/\/www.zabalganabhi.eus\/index.php?rest_route=\/wp\/v2\/users\/1"}],"replies":[{"embeddable":true,"href":"https:\/\/www.zabalganabhi.eus\/index.php?rest_route=%2Fwp%2Fv2%2Fcomments&post=6608"}],"version-history":[{"count":5,"href":"https:\/\/www.zabalganabhi.eus\/index.php?rest_route=\/wp\/v2\/pages\/6608\/revisions"}],"predecessor-version":[{"id":7854,"href":"https:\/\/www.zabalganabhi.eus\/index.php?rest_route=\/wp\/v2\/pages\/6608\/revisions\/7854"}],"wp:attachment":[{"href":"https:\/\/www.zabalganabhi.eus\/index.php?rest_route=%2Fwp%2Fv2%2Fmedia&parent=6608"}],"curies":[{"name":"wp","href":"https:\/\/api.w.org\/{rel}","templated":true}]}}