{"id":5726,"date":"2024-08-27T12:18:40","date_gmt":"2024-08-27T12:18:40","guid":{"rendered":"https:\/\/www.zabalganabhi.eus\/?page_id=5726"},"modified":"2025-02-05T14:53:55","modified_gmt":"2025-02-05T14:53:55","slug":"tramites-y-documentacion","status":"publish","type":"page","link":"https:\/\/www.zabalganabhi.eus\/?page_id=5726&lang=es","title":{"rendered":"TR\u00c1MITES Y DOCUMENTACI\u00d3N"},"content":{"rendered":"\n<p><a role=\"button\" href=\"https:\/\/drive.google.com\/file\/d\/1CotG3o34eB8QmRCS2Le5hmLtItqM_Izz\/view?usp=drive_link\"><br>Autorizaci\u00f3n uso m\u00f3vil<br><\/a><br><a role=\"button\" href=\"https:\/\/drive.google.com\/file\/d\/1s_bHE5IXN5H_sZ7H_F-pgAqtLswpVwWe\/view?usp=drive_link\"><br>Permiso huelga<br><\/a><br><a role=\"button\" href=\"https:\/\/drive.google.com\/file\/d\/17IwLTM52JwzKd3KY_2enmu5TnEV1NbhJ\/view?usp=drive_link\"><br>Justificante falta de asistencia<br><\/a><br><a role=\"button\" href=\"https:\/\/drive.google.com\/file\/d\/1cni3NGAPdQ4SYErynn4BQ1FeCCDYgXO3\/view?usp=drive_link\"><br>Solicitud cambio asignaturas<br><\/a><br><a role=\"button\" href=\"https:\/\/drive.google.com\/file\/d\/1KHrfsjoWo0iDcsqRqPatfalrgjkSqz34\/view?usp=drive_link\"><br>Solicitud cambio de clase<br><\/a><br><a role=\"button\" href=\"https:\/\/drive.google.com\/file\/d\/1qX0scyh-enkFwstRm_VCpQsC5pYV-V4p\/view?usp=drive_link\"><br>Solicitud copia ex\u00e1menes<br><\/a><\/p>\n","protected":false},"excerpt":{"rendered":"<p>Autorizaci\u00f3n uso m\u00f3vilPermiso huelgaJustificante falta de asistenciaSolicitud cambio asignaturasSolicitud cambio de claseSolicitud copia ex\u00e1menes<\/p>\n","protected":false},"author":1,"featured_media":0,"parent":0,"menu_order":0,"comment_status":"closed","ping_status":"closed","template":"","meta":{"footnotes":""},"class_list":["post-5726","page","type-page","status-publish","hentry"],"_links":{"self":[{"href":"https:\/\/www.zabalganabhi.eus\/index.php?rest_route=\/wp\/v2\/pages\/5726","targetHints":{"allow":["GET"]}}],"collection":[{"href":"https:\/\/www.zabalganabhi.eus\/index.php?rest_route=\/wp\/v2\/pages"}],"about":[{"href":"https:\/\/www.zabalganabhi.eus\/index.php?rest_route=\/wp\/v2\/types\/page"}],"author":[{"embeddable":true,"href":"https:\/\/www.zabalganabhi.eus\/index.php?rest_route=\/wp\/v2\/users\/1"}],"replies":[{"embeddable":true,"href":"https:\/\/www.zabalganabhi.eus\/index.php?rest_route=%2Fwp%2Fv2%2Fcomments&post=5726"}],"version-history":[{"count":5,"href":"https:\/\/www.zabalganabhi.eus\/index.php?rest_route=\/wp\/v2\/pages\/5726\/revisions"}],"predecessor-version":[{"id":6569,"href":"https:\/\/www.zabalganabhi.eus\/index.php?rest_route=\/wp\/v2\/pages\/5726\/revisions\/6569"}],"wp:attachment":[{"href":"https:\/\/www.zabalganabhi.eus\/index.php?rest_route=%2Fwp%2Fv2%2Fmedia&parent=5726"}],"curies":[{"name":"wp","href":"https:\/\/api.w.org\/{rel}","templated":true}]}}