{"id":5280,"date":"2024-03-15T09:49:12","date_gmt":"2024-03-15T09:49:12","guid":{"rendered":"https:\/\/www.zabalganabhi.eus\/?page_id=5280"},"modified":"2026-02-02T11:28:34","modified_gmt":"2026-02-02T10:28:34","slug":"oferta-educativa-2024-25","status":"publish","type":"page","link":"https:\/\/www.zabalganabhi.eus\/?page_id=5280","title":{"rendered":"OFERTA EDUCATIVA 2026-27"},"content":{"rendered":"\n<p><strong>1\u00ba ESO<\/strong> <\/p>\n\n\n\n<p><a href=\"https:\/\/sites.google.com\/zabalganabhi.net\/2026-2027asignaturas-optativas\/inicio\" data-type=\"link\" data-id=\"https:\/\/www.zabalganabhi.eus\/wp-content\/uploads\/2024\/03\/Ikasgaiak-mailaka_DBH1.docx.pdf\" target=\"_blank\" rel=\"noreferrer noopener\">Horas lectivas e informaci\u00f3n detallada de las optativas de 1\u00ba ESO. <\/a><\/p>\n\n\n\n<ul class=\"wp-block-list\">\n<li>Programa de Libro Solidario.<\/li>\n\n\n\n<li>Chromebook.<\/li>\n\n\n\n<li>Refuerzo en las asignaturas de Matem\u00e1ticas y Euskara.<\/li>\n\n\n\n<li>Opci\u00f3n de cursar la asignatura de Educaci\u00f3n F\u00edsica (Physical Education) en ingl\u00e9s.<\/li>\n\n\n\n<li>\u00c1mbito art\u00edstico.<\/li>\n\n\n\n<li>Asignaturas optativas: Franc\u00e9s, Alem\u00e1n, Salud F\u00edsica y Emocional, Tecnolog\u00eda y Digitalizaci\u00f3n, Taller de Teatro.<\/li>\n<\/ul>\n\n\n\n<p><strong> 2\u00ba ESO<\/strong><\/p>\n\n\n\n<p><a href=\"https:\/\/sites.google.com\/zabalganabhi.net\/2026-2027asignaturas-optativas\/inicio\" data-type=\"link\" data-id=\"https:\/\/www.zabalganabhi.eus\/wp-content\/uploads\/2024\/03\/Ikasgaiak-mailaka_DBH2-Eus-Gaz.pdf\" target=\"_blank\" rel=\"noreferrer noopener\">Horas lectivas e informaci\u00f3n detallada de las optativas de 2\u00ba ESO. <\/a><\/p>\n\n\n\n<ul class=\"wp-block-list\">\n<li>Programa de Libro Solidario.<\/li>\n\n\n\n<li>Chromebook.<\/li>\n\n\n\n<li>Opci\u00f3n de cursar la asignatura de Educaci\u00f3n F\u00edsica (Physical Education) en ingl\u00e9s.<\/li>\n\n\n\n<li>\u00c1mbito art\u00edstico.<\/li>\n\n\n\n<li>Asignaturas optativas: Franc\u00e9s, Alem\u00e1n, Salud F\u00edsica y Emocional, Pensamiento cr\u00edtico y Huerta.<\/li>\n<\/ul>\n\n\n\n<p><strong>3\u00ba ESO <\/strong><\/p>\n\n\n\n<p><a href=\"https:\/\/sites.google.com\/zabalganabhi.net\/2026-2027asignaturas-optativas\/inicio\" data-type=\"link\" data-id=\"https:\/\/www.zabalganabhi.eus\/wp-content\/uploads\/2024\/03\/Ikasgaiak-mailaka_DBH3-Eus-Gaz.pdf\" target=\"_blank\" rel=\"noreferrer noopener\">Horas lectivas e informaci\u00f3n detallada de las optativas de 3\u00ba ESO. <\/a><\/p>\n\n\n\n<p><a href=\"https:\/\/www.zabalganabhi.eus\/wp-content\/uploads\/2024\/03\/Ikasgaiak-mailaka_DBH3-DK-Eus-Gaz.pdf\" data-type=\"link\" data-id=\"https:\/\/www.zabalganabhi.eus\/wp-content\/uploads\/2024\/03\/Ikasgaiak-mailaka_DBH3-DK-Eus-Gaz.pdf\" target=\"_blank\" rel=\"noreferrer noopener\">Horas lectivas e informaci\u00f3n detallada de las optativas de 3\u00ba ESO Diversificaci\u00f3n Curricular. <\/a><\/p>\n\n\n\n<ul class=\"wp-block-list\">\n<li>Programa de Libro Solidario.<\/li>\n\n\n\n<li>Chromebook.<\/li>\n\n\n\n<li>Opci\u00f3n de cursar la asignatura de Geograf\u00eda e Historia (Geography &amp; History) en ingl\u00e9s junto con la asignatura de Ingl\u00e9s avanzado. <\/li>\n\n\n\n<li>Asignaturas optativas: Franc\u00e9s, Alem\u00e1n, Salud F\u00edsica y Emocional, Cultura Cl\u00e1sica, Pensamiento cr\u00edtico, Expresi\u00f3n Art\u00edstica y Producci\u00f3n musical.<\/li>\n<\/ul>\n\n\n\n<p><strong>4\u00ba ESO<\/strong><\/p>\n\n\n\n<p><a href=\"https:\/\/sites.google.com\/zabalganabhi.net\/2026-2027asignaturas-optativas\/inicio\" data-type=\"link\" data-id=\"https:\/\/www.zabalganabhi.eus\/wp-content\/uploads\/2024\/03\/Ikasgaiak-mailaka_DBH4-Eus-Gaz.pdf\" target=\"_blank\" rel=\"noreferrer noopener\">Horas lectivas e informaci\u00f3n detallada de las optativas de 4\u00ba ESO. <\/a><\/p>\n\n\n\n<p><a href=\"https:\/\/www.zabalganabhi.eus\/wp-content\/uploads\/2024\/03\/Ikasgaiak-mailaka_DBH4-DK-Eus-Gaz.pdf\" data-type=\"link\" data-id=\"https:\/\/www.zabalganabhi.eus\/wp-content\/uploads\/2024\/03\/Ikasgaiak-mailaka_DBH4-DK-Eus-Gaz.pdf\" target=\"_blank\" rel=\"noreferrer noopener\">Horas lectivas e informaci\u00f3n detallada de las optativas de 4\u00ba ESO Diversificaci\u00f3n curricular. <\/a><\/p>\n\n\n\n<ul class=\"wp-block-list\">\n<li>Programa de Libro Solidario.<\/li>\n\n\n\n<li>Chromebook.<\/li>\n\n\n\n<li>Opci\u00f3n de cursar la asignatura de Geograf\u00eda e Historia (Geography &amp; History) en ingl\u00e9s junto con la asignatura de Ingl\u00e9s avanzado.<\/li>\n\n\n\n<li>Asignaturas optativas de especialidad: Biolog\u00eda-Geolog\u00eda, F\u00edsica-Qu\u00edmica, Lat\u00edn y Econom\u00eda.<\/li>\n\n\n\n<li>Asignaturas optativas: Franc\u00e9s, Digitalizaci\u00f3n (Inform\u00e1tica), Tecnolog\u00eda, Cultura Cient\u00edfica, M\u00fasica, Expresi\u00f3n art\u00edstica y Audiovisuales. <\/li>\n<\/ul>\n\n\n\n<p><strong>BACHILLERATO<\/strong> <\/p>\n\n\n\n<p><a href=\"https:\/\/sites.google.com\/zabalganabhi.net\/2026-2027asignaturas-optativas\/inicio\" data-type=\"link\" data-id=\"https:\/\/drive.google.com\/file\/d\/1r0ZpoqsCEZugFpZCnbyy0ZbxdrbMqkoh\/view?usp=drive_link\" target=\"_blank\" rel=\"noreferrer noopener\">Modalidades y optatividad de 1\u00ba Bachillerato.<\/a><\/p>\n\n\n\n<p><a href=\"https:\/\/sites.google.com\/zabalganabhi.net\/2026-2027asignaturas-optativas\/inicio\" data-type=\"link\" data-id=\"https:\/\/drive.google.com\/file\/d\/10qqDvDauPAAqzQQ1V2RxhP2-y_n9WxRG\/view?usp=drive_link\" target=\"_blank\" rel=\"noreferrer noopener\">Modalidades y optatividad de 2\u00ba Bachillerato.<\/a><\/p>\n\n\n\n<ul class=\"wp-block-list\">\n<li>Modalidad cient\u00edfico-tecnol\u00f3gica.<\/li>\n\n\n\n<li>Modalidad de Ciencias Sociales y Humanidades.<\/li>\n\n\n\n<li>Ordenador port\u00e1til.<\/li>\n<\/ul>\n\n\n\n<p><strong>AULA DE APRENDIZAJE DE TAREAS<\/strong><\/p>\n\n\n\n<ul class=\"wp-block-list\">\n<li>Est\u00e1 dirigido a personas de 16 a 21 a\u00f1os con <strong>necesidades educativas especiales<\/strong> que no cumplan los requisitos de acceso a la escolarizaci\u00f3n ordinaria de las Ense\u00f1anzas Medias. Alumnado derivado por los Berritzegunes.<\/li>\n\n\n\n<li><strong>Objetivos:<\/strong> Fomentar la preparaci\u00f3n laboral y la vida adulta.<\/li>\n\n\n\n<li><strong>\u00bfQu\u00e9 se aprende?<\/strong> \u00c1rea de comunicaci\u00f3n, \u00e1rea de autonom\u00eda personal, \u00e1rea de habilidades humanas e inserci\u00f3n social y \u00e1rea de orientaci\u00f3n laboral.<\/li>\n<\/ul>\n","protected":false},"excerpt":{"rendered":"<p>1\u00ba ESO Horas lectivas e informaci\u00f3n detallada de las optativas de 1\u00ba ESO. 2\u00ba ESO Horas lectivas e informaci\u00f3n detallada de las optativas de 2\u00ba ESO. 3\u00ba ESO Horas lectivas e informaci\u00f3n detallada de las optativas de 3\u00ba ESO. Horas lectivas e informaci\u00f3n detallada de las optativas de 3\u00ba ESO Diversificaci\u00f3n Curricular. 4\u00ba ESO Horas&hellip;<\/p>\n","protected":false},"author":1,"featured_media":0,"parent":0,"menu_order":0,"comment_status":"closed","ping_status":"closed","template":"","meta":{"footnotes":""},"class_list":["post-5280","page","type-page","status-publish","hentry"],"_links":{"self":[{"href":"https:\/\/www.zabalganabhi.eus\/index.php?rest_route=\/wp\/v2\/pages\/5280","targetHints":{"allow":["GET"]}}],"collection":[{"href":"https:\/\/www.zabalganabhi.eus\/index.php?rest_route=\/wp\/v2\/pages"}],"about":[{"href":"https:\/\/www.zabalganabhi.eus\/index.php?rest_route=\/wp\/v2\/types\/page"}],"author":[{"embeddable":true,"href":"https:\/\/www.zabalganabhi.eus\/index.php?rest_route=\/wp\/v2\/users\/1"}],"replies":[{"embeddable":true,"href":"https:\/\/www.zabalganabhi.eus\/index.php?rest_route=%2Fwp%2Fv2%2Fcomments&post=5280"}],"version-history":[{"count":5,"href":"https:\/\/www.zabalganabhi.eus\/index.php?rest_route=\/wp\/v2\/pages\/5280\/revisions"}],"predecessor-version":[{"id":8078,"href":"https:\/\/www.zabalganabhi.eus\/index.php?rest_route=\/wp\/v2\/pages\/5280\/revisions\/8078"}],"wp:attachment":[{"href":"https:\/\/www.zabalganabhi.eus\/index.php?rest_route=%2Fwp%2Fv2%2Fmedia&parent=5280"}],"curies":[{"name":"wp","href":"https:\/\/api.w.org\/{rel}","templated":true}]}}